{"id":234,"date":"2018-07-02T11:13:40","date_gmt":"2018-07-02T11:13:40","guid":{"rendered":"http:\/\/telecomunicaciones.iesjaroso.es\/?page_id=234"},"modified":"2023-06-21T18:43:02","modified_gmt":"2023-06-21T18:43:02","slug":"mikrotik-academy","status":"publish","type":"page","link":"https:\/\/telecomunicaciones.iesjaroso.es\/?page_id=234","title":{"rendered":"Mikrotik Academy"},"content":{"rendered":"<p><a href=\"http:\/\/telecomunicaciones.iesjaroso.es\/wp-content\/uploads\/2018\/07\/logo_mikrotik_academy.jpg\"><img decoding=\"async\" loading=\"lazy\" src=\"http:\/\/telecomunicaciones.iesjaroso.es\/wp-content\/uploads\/2018\/07\/logo_mikrotik_academy-300x152.jpg\" alt=\"logo_mikrotik_academy\" width=\"300\" height=\"152\" class=\"alignnone size-medium wp-image-237\" srcset=\"https:\/\/telecomunicaciones.iesjaroso.es\/wp-content\/uploads\/2018\/07\/logo_mikrotik_academy-300x152.jpg 300w, https:\/\/telecomunicaciones.iesjaroso.es\/wp-content\/uploads\/2018\/07\/logo_mikrotik_academy.jpg 314w\" sizes=\"(max-width: 300px) 100vw, 300px\" \/><\/a><\/p>\n<p>EL CICLO FORMATIVO DE T\u00c9CNICO INSTALADOR DE TELECOMUNICACIONES SE CONVIERTE EN MIKROTIK ACADEMY<\/p>\n<p>&#8211; Formaci\u00f3n Mikrotik<\/p>\n<p>Con la inscripci\u00f3n del ciclo como academia Mikrotik, buscamos una formaci\u00f3n de alta calidad, con competencias b\u00e1sicas y avanzadas mediante la aplicaci\u00f3n de casos pr\u00e1cticos. para esto IES JAROSO cuenta con modernos laboratorios, completamente dotados de medios tecnol\u00f3gicos y dispositivos Mikrotik con el fin de que nuestros estudiantes profundicen y aprendan temas b\u00e1sicos y avanzados del mundo del networking y estos sean aplicados en su entorno laboral.<\/p>\n<p>&#8211; El CFGM TI TELECOMUNICACIONES del IES JAROSO en el programa Mikrotik Academy<\/p>\n<p>En Junio de 2018 la Universidad el IES JAROSO firma un convenio con Mikrotik para convertirse en el primer centro Andaluz y quinto de Espa\u00f1a, en unirse al programa Mikrotik Academy.<\/p>\n<p>Mikrotik Academy est\u00e1 pensado para instituciones educativas, como universidades o ciclos formativos, y su objetivo es poder acercar la tecnolog\u00eda Mikrotik a las aulas de formaci\u00f3n, llegando incluso a poder obtener una certificaci\u00f3n de MTCNA dentro del plan de estudios.<\/p>\n<p>&#8211; En el caso del CFGM TI TELECOMUNICACIONES del IES JAROSO, se cursar\u00e1n las siguientes asignaturas (m\u00f3dulos profesinales) con dispositivos Mikrotik para los laboratorios:<\/p>\n<p><strong>Infraestructuras de redes de datos y sistemas de telefon\u00eda<br \/>\nInstalaciones de radiocomunicaciones<br \/>\n<\/strong><\/p>\n<p>&#8211; T\u00e9cnicos con la mejor formaci\u00f3n<\/p>\n<p>Ello implica que los futuros T\u00e9cnicos conocer\u00e1n los productos de Mikrotik tanto a nivel de hardware (RouterBoard), como a nivel de software (RouterOS) y podr\u00e1n utilizarlos, para dar soluci\u00f3n a las necesidades de conectividad de los diferentes sectores productivos.<\/p>\n<p><a href=\"http:\/\/telecomunicaciones.iesjaroso.es\/wp-content\/uploads\/2018\/07\/logo_mikrotik_academy.jpg\"><img decoding=\"async\" loading=\"lazy\" src=\"http:\/\/telecomunicaciones.iesjaroso.es\/wp-content\/uploads\/2018\/07\/logo_mikrotik_academy-300x152.jpg\" alt=\"logo_mikrotik_academy\" width=\"300\" height=\"152\" class=\"alignnone size-medium wp-image-237\" srcset=\"https:\/\/telecomunicaciones.iesjaroso.es\/wp-content\/uploads\/2018\/07\/logo_mikrotik_academy-300x152.jpg 300w, https:\/\/telecomunicaciones.iesjaroso.es\/wp-content\/uploads\/2018\/07\/logo_mikrotik_academy.jpg 314w\" sizes=\"(max-width: 300px) 100vw, 300px\" \/><\/a><\/p>\n","protected":false},"excerpt":{"rendered":"<p>EL CICLO FORMATIVO DE T\u00c9CNICO INSTALADOR DE TELECOMUNICACIONES SE CONVIERTE EN MIKROTIK ACADEMY &#8211; Formaci\u00f3n Mikrotik Con la inscripci\u00f3n del &hellip; <\/p>\n","protected":false},"author":1,"featured_media":0,"parent":0,"menu_order":0,"comment_status":"closed","ping_status":"closed","template":"","meta":[],"_links":{"self":[{"href":"https:\/\/telecomunicaciones.iesjaroso.es\/index.php?rest_route=\/wp\/v2\/pages\/234"}],"collection":[{"href":"https:\/\/telecomunicaciones.iesjaroso.es\/index.php?rest_route=\/wp\/v2\/pages"}],"about":[{"href":"https:\/\/telecomunicaciones.iesjaroso.es\/index.php?rest_route=\/wp\/v2\/types\/page"}],"author":[{"embeddable":true,"href":"https:\/\/telecomunicaciones.iesjaroso.es\/index.php?rest_route=\/wp\/v2\/users\/1"}],"replies":[{"embeddable":true,"href":"https:\/\/telecomunicaciones.iesjaroso.es\/index.php?rest_route=%2Fwp%2Fv2%2Fcomments&post=234"}],"version-history":[{"count":5,"href":"https:\/\/telecomunicaciones.iesjaroso.es\/index.php?rest_route=\/wp\/v2\/pages\/234\/revisions"}],"predecessor-version":[{"id":631,"href":"https:\/\/telecomunicaciones.iesjaroso.es\/index.php?rest_route=\/wp\/v2\/pages\/234\/revisions\/631"}],"wp:attachment":[{"href":"https:\/\/telecomunicaciones.iesjaroso.es\/index.php?rest_route=%2Fwp%2Fv2%2Fmedia&parent=234"}],"curies":[{"name":"wp","href":"https:\/\/api.w.org\/{rel}","templated":true}]}}